{"id":34,"date":"2024-03-28T00:57:27","date_gmt":"2024-03-27T21:57:27","guid":{"rendered":"https:\/\/stone.ustalar.com\/?page_id=34"},"modified":"2024-04-15T14:16:09","modified_gmt":"2024-04-15T11:16:09","slug":"iletisim","status":"publish","type":"page","link":"https:\/\/stone.ustalar.com\/?page_id=34","title":{"rendered":"\u0130LET\u0130\u015e\u0130M"},"content":{"rendered":"\n<figure class=\"wp-block-image size-full\"><img loading=\"lazy\" decoding=\"async\" width=\"1000\" height=\"500\" src=\"https:\/\/stone.ustalar.com\/wp-content\/uploads\/2024\/04\/ustalar-stone-iletisims.jpg\" alt=\"\" class=\"wp-image-330\" srcset=\"https:\/\/stone.ustalar.com\/wp-content\/uploads\/2024\/04\/ustalar-stone-iletisims.jpg 1000w, https:\/\/stone.ustalar.com\/wp-content\/uploads\/2024\/04\/ustalar-stone-iletisims-300x150.jpg 300w, https:\/\/stone.ustalar.com\/wp-content\/uploads\/2024\/04\/ustalar-stone-iletisims-768x384.jpg 768w\" sizes=\"auto, (max-width: 1000px) 100vw, 1000px\" \/><\/figure>\n","protected":false},"excerpt":{"rendered":"","protected":false},"author":1,"featured_media":0,"parent":0,"menu_order":0,"comment_status":"closed","ping_status":"closed","template":"","meta":{"footnotes":""},"class_list":["post-34","page","type-page","status-publish","hentry"],"_links":{"self":[{"href":"https:\/\/stone.ustalar.com\/index.php?rest_route=\/wp\/v2\/pages\/34","targetHints":{"allow":["GET"]}}],"collection":[{"href":"https:\/\/stone.ustalar.com\/index.php?rest_route=\/wp\/v2\/pages"}],"about":[{"href":"https:\/\/stone.ustalar.com\/index.php?rest_route=\/wp\/v2\/types\/page"}],"author":[{"embeddable":true,"href":"https:\/\/stone.ustalar.com\/index.php?rest_route=\/wp\/v2\/users\/1"}],"replies":[{"embeddable":true,"href":"https:\/\/stone.ustalar.com\/index.php?rest_route=%2Fwp%2Fv2%2Fcomments&post=34"}],"version-history":[{"count":4,"href":"https:\/\/stone.ustalar.com\/index.php?rest_route=\/wp\/v2\/pages\/34\/revisions"}],"predecessor-version":[{"id":331,"href":"https:\/\/stone.ustalar.com\/index.php?rest_route=\/wp\/v2\/pages\/34\/revisions\/331"}],"wp:attachment":[{"href":"https:\/\/stone.ustalar.com\/index.php?rest_route=%2Fwp%2Fv2%2Fmedia&parent=34"}],"curies":[{"name":"wp","href":"https:\/\/api.w.org\/{rel}","templated":true}]}}