{"id":27,"date":"2024-03-28T00:55:48","date_gmt":"2024-03-27T21:55:48","guid":{"rendered":"https:\/\/stone.ustalar.com\/?page_id=27"},"modified":"2024-03-28T08:34:50","modified_gmt":"2024-03-28T05:34:50","slug":"kurumsal","status":"publish","type":"page","link":"https:\/\/stone.ustalar.com\/?page_id=27","title":{"rendered":"KURUMSAL"},"content":{"rendered":"\n<p>2015 y\u0131l\u0131ndan bu g\u00fcne do\u011fal Ta\u015f  Mermer, Granit, Porselen \u00fcr\u00fcnlerimizi ithalat ve ihracat olmak \u00fczere toptan ve perakende hizmet vermekteyiz.<\/p>\n\n\n\n<p>D\u00fcnyan\u0131n bir\u00e7ok yerinde \u00e7\u0131kar\u0131lan do\u011fal ta\u015flar fabrikalar\u0131m\u0131zda i\u015flenerek siz de\u011ferli m\u00fc\u015fterilerimizin projelerini s\u00fcsleyecek bi\u00e7imde haz\u0131rlan\u0131p, y\u00fcklemeye haz\u0131r hale getiriyoruz. G\u00fcler y\u00fczl\u00fc, Alan\u0131nda uzman  personel ile s\u00fcrekli stok ve ekonomik fiyat avantaj\u0131 ile projelerinize de\u011fer kazand\u0131rmaktay\u0131z.<\/p>\n\n\n\n<p>5 Sat\u0131\u015f temsilcisi, 3 dil d\u0131\u015f ticaret ekibimizle 45 \u00fclkede pazarlama faalliyetlerimize kalite hizmet anlay\u0131\u015f\u0131 ile Hedef Pazar\u0131m\u0131z Avrupa, Ortado\u011fu , T\u00fcrki Cumhuriyetleridir. <\/p>\n\n\n\n<ul class=\"wp-block-list\">\n<li>Mermer  ( Blok Mermer, Ebatlanm\u0131\u015f Mermer ) <\/li>\n<\/ul>\n\n\n\n<ul class=\"wp-block-list\">\n<li>Traverten<\/li>\n<\/ul>\n\n\n\n<ul class=\"wp-block-list\">\n<li>Granit <\/li>\n<\/ul>\n\n\n\n<ul class=\"wp-block-list\">\n<li>Porselen<\/li>\n<\/ul>\n","protected":false},"excerpt":{"rendered":"<p>2015 y\u0131l\u0131ndan bu g\u00fcne do\u011fal Ta\u015f Mermer, Granit, Porselen \u00fcr\u00fcnlerimizi ithalat ve ihracat olmak \u00fczere toptan ve perakende hizmet vermekteyiz. D\u00fcnyan\u0131n bir\u00e7ok yerinde \u00e7\u0131kar\u0131lan do\u011fal ta\u015flar fabrikalar\u0131m\u0131zda i\u015flenerek siz de\u011ferli m\u00fc\u015fterilerimizin projelerini s\u00fcsleyecek bi\u00e7imde haz\u0131rlan\u0131p, y\u00fcklemeye haz\u0131r hale getiriyoruz. G\u00fcler y\u00fczl\u00fc, Alan\u0131nda uzman personel ile s\u00fcrekli stok ve ekonomik fiyat avantaj\u0131 ile projelerinize de\u011fer kazand\u0131rmaktay\u0131z. [&hellip;]<\/p>\n","protected":false},"author":1,"featured_media":0,"parent":0,"menu_order":0,"comment_status":"closed","ping_status":"closed","template":"","meta":{"footnotes":""},"class_list":["post-27","page","type-page","status-publish","hentry"],"_links":{"self":[{"href":"https:\/\/stone.ustalar.com\/index.php?rest_route=\/wp\/v2\/pages\/27","targetHints":{"allow":["GET"]}}],"collection":[{"href":"https:\/\/stone.ustalar.com\/index.php?rest_route=\/wp\/v2\/pages"}],"about":[{"href":"https:\/\/stone.ustalar.com\/index.php?rest_route=\/wp\/v2\/types\/page"}],"author":[{"embeddable":true,"href":"https:\/\/stone.ustalar.com\/index.php?rest_route=\/wp\/v2\/users\/1"}],"replies":[{"embeddable":true,"href":"https:\/\/stone.ustalar.com\/index.php?rest_route=%2Fwp%2Fv2%2Fcomments&post=27"}],"version-history":[{"count":4,"href":"https:\/\/stone.ustalar.com\/index.php?rest_route=\/wp\/v2\/pages\/27\/revisions"}],"predecessor-version":[{"id":137,"href":"https:\/\/stone.ustalar.com\/index.php?rest_route=\/wp\/v2\/pages\/27\/revisions\/137"}],"wp:attachment":[{"href":"https:\/\/stone.ustalar.com\/index.php?rest_route=%2Fwp%2Fv2%2Fmedia&parent=27"}],"curies":[{"name":"wp","href":"https:\/\/api.w.org\/{rel}","templated":true}]}}